





{"id":114,"date":"2017-06-06T11:26:12","date_gmt":"2017-06-06T09:26:12","guid":{"rendered":"http:\/\/campusce.eutech.fr\/?page_id=114"},"modified":"2018-07-24T11:05:13","modified_gmt":"2018-07-24T09:05:13","slug":"welcome","status":"publish","type":"page","link":"https:\/\/www.campuschampselysees.com\/fr\/about-us\/welcome\/","title":{"rendered":"Bienvenue"},"content":{"rendered":"<p>[vc_row][vc_column]\r\n\r\r\n    <header class=\"tz-headerHome tz-homeType2  tz-homeTypeFixed\" data-option=\"2\">\r\r\n\r\r\n        <div id=\"Tz-provokeMe\">\r\r\n\r\r\n            \r\n\r\r\n            <div class=\"tz-header-content\" >\r\r\n                <div class=\"container\">\r\r\n                    <div class=\"tzHeaderContainer tz_custom_not_slider_color\">\r\r\n\r\r\n                        \r\n\r\r\n                            <a class=\"pull-left tz_logo\" href=\"https:\/\/www.campuschampselysees.com\/fr\" title=\"Campus\">\r\r\n\r\r\n                                \r\n\r\r\n                                        <img decoding=\"async\" class=\"logo_lager\" src=\"http:\/\/campusce.eutech.fr\/wp-content\/uploads\/2017\/05\/logo-cce4BIS-e1501144993306.png \" alt=\"Campus\" \/>\r\r\n                                \r\n\r\r\n                            <\/a>\r\r\n\r\r\n                        \r\n\r\r\n                        <div class=\"tzHeaderMenu_nav\">\r\r\n                            <button type=\"button\" class=\"navbar-toggle collapsed\" data-toggle=\"collapse\" data-target=\"#tz-navbar-collapse\">\r\r\n                                <i class=\"fa fa-bars\"><\/i>\r\r\n                            <\/button>\r\r\n\r\r\n                            \r\n\r\r\n                            \r\n\r\r\n                            <nav class=\"pull-right tz_speed_one_page\" data-speed-one-page=\"2200\">\r\r\n\r\r\n                                <ul id=\"tz-navbar-collapse\" class=\"nav navbar-nav collapse navbar-collapse pull-left tz-nav tz_nav_one_page themeple_megemenu\"><li class=\"menu-item menu-item-type-post_type menu-item-object-page menu-item-has-children\"><a href=\"https:\/\/www.campuschampselysees.com\/fr\/about-us\/\">About Us<\/a>\n\n\n<ul class=\"sub-menu non_mega_menu\">\n\t<li class=\"menu-item menu-item-type-post_type menu-item-object-page\"><a href=\"https:\/\/www.campuschampselysees.com\/fr\/about-us\/welcome\/\">Welcome<\/a><\/li>\n\t<li class=\"menu-item menu-item-type-post_type menu-item-object-page\"><a href=\"https:\/\/www.campuschampselysees.com\/fr\/about-us\/our-mission\/\">Our Mission<\/a><\/li>\n\t<li class=\"menu-item menu-item-type-post_type menu-item-object-page\"><a href=\"https:\/\/www.campuschampselysees.com\/fr\/about-us\/leadership\/\">Leadership<\/a><\/li>\n<\/ul>\n<\/li>\n<li class=\"menu-item menu-item-type-post_type menu-item-object-page menu-item-has-children\"><a href=\"https:\/\/www.campuschampselysees.com\/fr\/membership-2\/\">Membership<\/a>\n\n\n<ul class=\"sub-menu non_mega_menu\">\n\t<li class=\"menu-item menu-item-type-post_type menu-item-object-page\"><a href=\"https:\/\/www.campuschampselysees.com\/fr\/membership-2\/member_login-2\/\">Member Inscription<\/a><\/li>\n\t<li class=\"menu-item menu-item-type-post_type menu-item-object-page\"><a href=\"https:\/\/www.campuschampselysees.com\/fr\/membership-2\/member_login\/\">Member Login \/ Logout<\/a><\/li>\n\t<li class=\"menu-item menu-item-type-post_type menu-item-object-page\"><a href=\"https:\/\/www.campuschampselysees.com\/fr\/cabinet\/\">Cabinet<\/a><\/li>\n<\/ul>\n<\/li>\n<li class=\"menu-item menu-item-type-post_type menu-item-object-page menu-item-has-children\"><a href=\"https:\/\/www.campuschampselysees.com\/fr\/workshops\/\">Workshops &#038; Events<\/a>\n\n\n<ul class=\"sub-menu non_mega_menu\">\n\t<li class=\"menu-item menu-item-type-post_type menu-item-object-page\"><a href=\"https:\/\/www.campuschampselysees.com\/fr\/workshops\/past-workshops\/\">Past Workshops<\/a><\/li>\n\t<li class=\"menu-item menu-item-type-post_type menu-item-object-page\"><a href=\"https:\/\/www.campuschampselysees.com\/fr\/workshops\/workshops-events\/\">Upcoming Workshops<\/a><\/li>\n<\/ul>\n<\/li>\n<li class=\"menu-item menu-item-type-post_type menu-item-object-page\"><a href=\"https:\/\/www.campuschampselysees.com\/fr\/registration\/\">Register<\/a><\/li>\n<li class=\"menu-item menu-item-type-post_type menu-item-object-page menu-item-has-children\"><a href=\"https:\/\/www.campuschampselysees.com\/fr\/membership\/\">The Clinic<\/a>\n\n\n<ul class=\"sub-menu non_mega_menu\">\n\t<li class=\"menu-item menu-item-type-post_type menu-item-object-page menu-item-has-children\"><a href=\"https:\/\/www.campuschampselysees.com\/fr\/membership\/reserve-a-seminar-room\/\">Reserve a Seminar Room ><\/a>\n\t<ul class=\"sub-menu \">\n\t\t<li class=\"menu-item menu-item-type-post_type menu-item-object-page\"><a href=\"https:\/\/www.campuschampselysees.com\/fr\/membership\/reserve-a-seminar-room\/white-swan-room\/\">White Swan Room<\/a><\/li>\n\t\t<li class=\"menu-item menu-item-type-post_type menu-item-object-page\"><a href=\"https:\/\/www.campuschampselysees.com\/fr\/membership\/reserve-a-seminar-room\/black-swan-room\/\">Black Swan Room<\/a><\/li>\n\t<\/ul>\n<\/li>\n<\/ul>\n<\/li>\n<li class=\"menu-item menu-item-type-post_type menu-item-object-page\"><a href=\"https:\/\/www.campuschampselysees.com\/fr\/contact-us\/\">Contact<\/a><\/li>\n<li class=\"qtranxs-lang-menu qtranxs-lang-menu-fr menu-item menu-item-type-custom menu-item-object-custom current-menu-parent menu-item-has-children\"><a title=\"Fran\u00e7ais\" href=\"#\">Langue :&nbsp;<img decoding=\"async\" src=\"https:\/\/www.campuschampselysees.com\/wp-content\/plugins\/qtranslate-x\/flags\/fr.png\" alt=\"Fran\u00e7ais\" \/><\/a>\n\n\n<ul class=\"sub-menu non_mega_menu\">\n\t<li class=\"qtranxs-lang-menu-item qtranxs-lang-menu-item-en menu-item menu-item-type-custom menu-item-object-custom\"><a title=\"English\" href=\"https:\/\/www.campuschampselysees.com\/en\/wp-json\/wp\/v2\/pages\/114\"><img decoding=\"async\" src=\"https:\/\/www.campuschampselysees.com\/wp-content\/plugins\/qtranslate-x\/flags\/gb.png\" alt=\"English\" \/>&nbsp;English<\/a><\/li>\n\t<li class=\"qtranxs-lang-menu-item qtranxs-lang-menu-item-fr menu-item menu-item-type-custom menu-item-object-custom current-menu-item\"><a title=\"Fran\u00e7ais\" href=\"https:\/\/www.campuschampselysees.com\/fr\/wp-json\/wp\/v2\/pages\/114\"><img decoding=\"async\" src=\"https:\/\/www.campuschampselysees.com\/wp-content\/plugins\/qtranslate-x\/flags\/fr.png\" alt=\"Fran\u00e7ais\" \/>&nbsp;Fran\u00e7ais<\/a><\/li>\n<\/ul>\n<\/li>\n<\/ul>\r\n\r\r\n                            <\/nav>\r\r\n                        <\/div>\r\r\n\r\r\n                        \r\n\r\r\n                    <\/div>\r\r\n                <\/div>\r\r\n            <\/div>\r\r\n\r\r\n        <\/div><!--end class container-->\r\r\n\r\r\n    <\/header>\r\r\n\r\r\n    \r\n\r\r\n        <div class=\"tz_header_space_2\"><\/div>\r\r\n\r\r\n    \r\n\r\r\n    \r\n\r\r\n[\/vc_column][\/vc_row][vc_row][vc_column]\r\n\r\r\n    <div class=\"tz_maniva_meetup_title  tz_text_align_center\">\r\r\n\r\r\n        \r\n\r\r\n            <h3 >\r\r\n                Bienvenue\r\n            <\/h3>\r\r\n\r\r\n        \r\n        \r\r\n        \r\n\r\r\n            <div class=\"tz_image_title_meetup\">\r\r\n                <img loading=\"lazy\" decoding=\"async\" width=\"70\" height=\"5\" src=\"https:\/\/www.campuschampselysees.com\/wp-content\/uploads\/2015\/09\/inline-title.jpg\" class=\"attachment-full size-full\" alt=\"\" \/>\r\n            <\/div>\r\r\n            \r\r\n        \r\n        \r\r\n        \r\n\r\r\n        \r\n\r\r\n    <\/div>\r\r\n\r\r\n    [\/vc_column][\/vc_row][vc_row][vc_column][vc_empty_space][\/vc_column][\/vc_row][vc_row full_height=\u00a0\u00bbyes\u00a0\u00bb equal_height=\u00a0\u00bbyes\u00a0\u00bb parallax=\u00a0\u00bbcontent-moving\u00a0\u00bb tz_overlay_parallax=\u00a0\u00bbrgba(247,247,247,0.83)\u00a0\u00bb][vc_column width=\u00a0\u00bb1\/2&Prime; css=\u00a0\u00bb.vc_custom_1532087783666{background-image: url(http:\/\/www.campuschampselysees.com\/wp-content\/uploads\/2017\/12\/74A5462-copy.jpg?id=3814) !important;background-position: center !important;background-repeat: no-repeat !important;background-size: cover !important;}\u00a0\u00bb][\/vc_column][vc_column width=\u00a0\u00bb1\/2&Prime; css=\u00a0\u00bb.vc_custom_1532087736827{background-color: #d8d8d8 !important;}\u00a0\u00bb][vc_empty_space height=\u00a0\u00bb50px\u00a0\u00bb]\r\n\r\r\n    <div class=\"tz_maniva_meetup_title  tz_text_align_left\">\r\r\n\r\r\n        \r\n\r\r\n            <h3 >\r\r\n                \r\n            <\/h3>\r\r\n\r\r\n        \r\n        \r\r\n        \r\n        \r\r\n        \r\n\r\r\n            <div class=\"tz_meetup_title_content\">\r\r\n                <p>Chers coll\u00e8gues et amis,<\/p>\n<p>&nbsp;<\/p>\n<p>Au nom du Campus Champs Elys\u00e9es, le Dr Michael Atlan et moi-m\u00eame sommes heureux de pr\u00e9senter nos ateliers de chirurgie esth\u00e9tique, de m\u00e9decine esth\u00e9tique, de dentisterie esth\u00e9tique et d&rsquo;implantation capillaire \u00e0 Paris, pr\u00e8s de la c\u00e9l\u00e8bre avenue des Champs Elys\u00e9es. Notre programme vous est offert par les m\u00e9decins les plus prestigieux qui donnent \u00e0 leurs patients la touche recherch\u00e9e, raffin\u00e9e, glamour, discr\u00e8te et naturelle.<\/p>\n<p>&nbsp;<\/p>\n<p>Le but du Campus est d&rsquo;\u00e9duquer les chirurgiens plasticiens et les m\u00e9decins du monde entier afin d&rsquo;am\u00e9liorer leurs sp\u00e9cialit\u00e9s et am\u00e9liorer les r\u00e9sultats des patients. Les ateliers comprennent des chirurgies en direct, des cours de formation et des laboratoires de cadavres, tous avec la possibilit\u00e9 de renforcer votre pratique.<\/p>\n<p>&nbsp;<\/p>\n<p>Les conf\u00e9rences vous fourniront des informations pr\u00e9cieuses concernant les proc\u00e9dures de haut niveau. Les chirurgies en direct vous donne une chance de voir les derni\u00e8res techniques et comp\u00e9tences. Et les laboratoires de cadavres vous donneront une exp\u00e9rience pratique pour employer ce que vous avez vu et entendu.<\/p>\n<p>&nbsp;<\/p>\n<p>Le Campus collabore avec la Clinique des Champs \u00c9lys\u00e9es, le plus grand \u00e9tablissement cosm\u00e9tique d&rsquo;Europe, qui accueille des patients fran\u00e7ais et internationaux depuis plus de 60 ans. La clinique est un \u00e9tablissement bien \u00e9quip\u00e9 avec des \u00e9quipes de praticiens hautement qualifi\u00e9s et exp\u00e9riment\u00e9s dans les techniques les plus sophistiqu\u00e9es.<\/p>\n<p>&nbsp;<\/p>\n<p>Nous vous encourageons \u00e0 rejoindre le Campus Champs Elys\u00e9es et \u00e0 assister \u00e0 nos prochains ateliers. Nous avons h\u00e2te de vous voir l\u00e0-bas,<\/p>\n<p>&nbsp;<\/p>\n<p>Tracy Sayag et Michael Atlan, MD, PhD<\/p>\n<p>Pr\u00e9sident et vice-pr\u00e9sident du CCE<\/p>\n\r\n            <\/div>\r\r\n\r\r\n        \r\n\r\r\n        \r\n\r\r\n    <\/div>\r\r\n\r\r\n    [vc_empty_space height=\u00a0\u00bb50px\u00a0\u00bb][\/vc_column][\/vc_row][vc_row][vc_column][vc_empty_space height=\u00a0\u00bb150px\u00a0\u00bb][\/vc_column][\/vc_row]<\/p>","protected":false},"excerpt":{"rendered":"<p>[vc_row][vc_column][\/vc_column][\/vc_row][vc_row][vc_column][\/vc_column][\/vc_row][vc_row][vc_column][vc_empty_space][\/vc_column][\/vc_row][vc_row full_height=\u00a0\u00bbyes\u00a0\u00bb equal_height=\u00a0\u00bbyes\u00a0\u00bb parallax=\u00a0\u00bbcontent-moving\u00a0\u00bb tz_overlay_parallax=\u00a0\u00bbrgba(247,247,247,0.83)\u00a0\u00bb][vc_column width=\u00a0\u00bb1\/2&Prime; css=\u00a0\u00bb.vc_custom_1532087783666{background-image: url(http:\/\/www.campuschampselysees.com\/wp-content\/uploads\/2017\/12\/74A5462-copy.jpg?id=3814) !important;background-position: center !important;background-repeat: no-repeat !important;background-size: cover !important;}\u00a0\u00bb][\/vc_column][vc_column width=\u00a0\u00bb1\/2&Prime; css=\u00a0\u00bb.vc_custom_1532087736827{background-color: #d8d8d8 !important;}\u00a0\u00bb][vc_empty_space height=\u00a0\u00bb50px\u00a0\u00bb][vc_empty_space height=\u00a0\u00bb50px\u00a0\u00bb][\/vc_column][\/vc_row][vc_row][vc_column][vc_empty_space height=\u00a0\u00bb150px\u00a0\u00bb][\/vc_column][\/vc_row]<\/p>\n","protected":false},"author":1,"featured_media":0,"parent":20,"menu_order":0,"comment_status":"closed","ping_status":"closed","template":"template-homepage.php","meta":{"footnotes":"","_links_to":"","_links_to_target":""},"class_list":["post-114","page","type-page","status-publish","hentry"],"_links":{"self":[{"href":"https:\/\/www.campuschampselysees.com\/fr\/wp-json\/wp\/v2\/pages\/114","targetHints":{"allow":["GET"]}}],"collection":[{"href":"https:\/\/www.campuschampselysees.com\/fr\/wp-json\/wp\/v2\/pages"}],"about":[{"href":"https:\/\/www.campuschampselysees.com\/fr\/wp-json\/wp\/v2\/types\/page"}],"author":[{"embeddable":true,"href":"https:\/\/www.campuschampselysees.com\/fr\/wp-json\/wp\/v2\/users\/1"}],"replies":[{"embeddable":true,"href":"https:\/\/www.campuschampselysees.com\/fr\/wp-json\/wp\/v2\/comments?post=114"}],"version-history":[{"count":39,"href":"https:\/\/www.campuschampselysees.com\/fr\/wp-json\/wp\/v2\/pages\/114\/revisions"}],"predecessor-version":[{"id":4930,"href":"https:\/\/www.campuschampselysees.com\/fr\/wp-json\/wp\/v2\/pages\/114\/revisions\/4930"}],"up":[{"embeddable":true,"href":"https:\/\/www.campuschampselysees.com\/fr\/wp-json\/wp\/v2\/pages\/20"}],"wp:attachment":[{"href":"https:\/\/www.campuschampselysees.com\/fr\/wp-json\/wp\/v2\/media?parent=114"}],"curies":[{"name":"wp","href":"https:\/\/api.w.org\/{rel}","templated":true}]}}