





{"id":5144,"date":"2018-10-18T16:05:49","date_gmt":"2018-10-18T14:05:49","guid":{"rendered":"http:\/\/www.campuschampselysees.com\/?page_id=5144"},"modified":"2019-04-04T15:19:11","modified_gmt":"2019-04-04T13:19:11","slug":"facelift-with-masters-3","status":"publish","type":"page","link":"https:\/\/www.campuschampselysees.com\/fr\/workshops\/workshops-events\/facelift-with-masters-3\/","title":{"rendered":"Facelift With Masters III"},"content":{"rendered":"<p>[vc_row][vc_column][vc_empty_space height=\u00a0\u00bb60px\u00a0\u00bb]\r\n\r\r\n    <div class=\"tz_maniva_meetup_title  tz_text_align_center\">\r\r\n\r\r\n        \r\n\r\r\n            <h3 style=\"color:#000000\">\r\r\n                Facelift With Masters III\r\n            <\/h3>\r\r\n\r\r\n        \r\n        \r\r\n        \r\n\r\r\n            <div class=\"tz_image_title_meetup\">\r\r\n                <img loading=\"lazy\" decoding=\"async\" width=\"70\" height=\"5\" src=\"https:\/\/www.campuschampselysees.com\/wp-content\/uploads\/2015\/09\/inline-title.jpg\" class=\"attachment-full size-full\" alt=\"\" \/>\r\n            <\/div>\r\r\n            \r\r\n        \r\n        \r\r\n        \r\n\r\r\n        \r\n\r\r\n    <\/div>\r\r\n\r\r\n    [vc_empty_space height=\u00a0\u00bb70px\u00a0\u00bb][\/vc_column][\/vc_row][vc_row css=\u00a0\u00bb.vc_custom_1540472065828{background: rgba(255,255,255,0.5) url(http:\/\/www.campuschampselysees.com\/wp-content\/uploads\/2018\/10\/Fotolia_76876636_M.jpg?id=5145) !important;background-position: center !important;background-repeat: no-repeat !important;background-size: cover !important;*background-color: rgb(255,255,255) !important;}\u00a0\u00bb tz_overlay_parallax=\u00a0\u00bbrgba(255,255,255,0.5)\u00a0\u00bb][vc_column width=\u00a0\u00bb1\/2&Prime;][vc_empty_space height=\u00a0\u00bb80px\u00a0\u00bb]\r\n\r\r\n    <div class=\"tz_maniva_meetup_title  tz_text_align_center\">\r\r\n\r\r\n        \r\n\r\r\n            <h3 >\r\r\n                \r\n            <\/h3>\r\r\n\r\r\n        \r\n        \r\r\n        \r\n        \r\r\n        \r\n\r\r\n            <div class=\"tz_meetup_title_content\">\r\r\n                <h5><strong>Live Surgery Workshop<\/strong><\/h5>\n<h3><strong>Facelifting With Masters III<\/strong><\/h3>\n<h3>January 2019<\/h3>\n\r\n            <\/div>\r\r\n\r\r\n        \r\n\r\r\n        \r\n\r\r\n    <\/div>\r\r\n\r\r\n    [vc_empty_space]\r\n\r\r\n        <div class=\"tz_maniva_meetup_title tz_meetup_video_text tz_text_align_center\">\r\r\n\r\r\n            \r\n\r\r\n                <h3 class=\"tz_meetup_general_title\" >\r\r\n                    \r\n                <\/h3>\r\r\n\r\r\n            \r\n\r\r\n            \r\n\r\r\n            \r\n\r\r\n            <span class=\"tz_meetup_video_sub_title\" style=\"color:#000000\">\r\r\n                \r\n\r\r\n                Faites progresser votre formation en chirurgie du visage en obtenant une formation sp\u00e9cialis\u00e9e sur les techniques de lifting du visage des Dr. Patrick Baraf et Dr. Jean-Louis Goin, qui ont tous deux plus de 20 ans de formation.\r\n\r\r\n                \r\n                <i class=\"fa \" ><\/i>\r\r\n                \r\n\r\r\n                <span class=\"tz_meetup_video_sub_title_line\" ><\/span>\r\r\n\r\r\n            <\/span>\r\r\n\r\r\n            \r\n\r\r\n            \r\n\r\r\n            \r\n\r\r\n                <a class=\"tz_btn_video_meetup tz_meetup_btn_dark\" href=\"\" target=\"_blank\" >\r\r\n                    Register Here\r\n                <\/a>\r\r\n\r\r\n            \r\n\r\r\n            \r\n\r\r\n                <a class=\"tz_btn_video_meetup tz_btn_shop_meetup tz_meetup_btn_dark\" href=\"\" target=\"_blank\" >\r\r\n                    Workshop Agenda\r\n                <\/a>\r\r\n\r\r\n            \r\n\r\r\n        <\/div>\r\r\n\r\r\n    [vc_empty_space height=\u00a0\u00bb80px\u00a0\u00bb][\/vc_column][vc_column width=\u00a0\u00bb1\/4&Prime;][tz_pricing select_column=\u00a0\u00bb1&Prime; contact_form_id=\u00a0\u00bb2396&Prime;][tz_pricing_item currency=\u00a0\u00bb\u20ac\u00a0\u00bb btn_text=\u00a0\u00bb\u00a0\u00bb price=\u00a0\u00bb2900&Prime;]Admission \u00e0 <strong>1 jour deWorkshop\u00a0<\/strong><\/p>\n<p>Admission \u00e0 le\u00a0<strong>Cours D\u2019\u00e9ducation<\/strong>\u00a0et<strong>\u00a0Live Surgery Experience<\/strong><\/p>\n<p><strong>Mat\u00e9riel<\/strong> de cours et <strong>Manuel<\/strong> du programme<\/p>\n<p><strong>Petit d\u00e9jeuner,\u00a0 Pause Caf\u00e9<\/strong>[\/tz_pricing_item][\/tz_pricing][\/vc_column][vc_column width=\u00a0\u00bb1\/4&Prime;][tz_pricing select_column=\u00a0\u00bb1&Prime; contact_form_id=\u00a0\u00bb2396&Prime;][tz_pricing_item currency=\u00a0\u00bb\u20ac\u00a0\u00bb btn_text=\u00a0\u00bb\u00a0\u00bb price=\u00a0\u00bb2900&Prime; price_period=\u00a0\u00bbjusqu&rsquo;au \u00ab\u00a0]Admission \u00e0 <strong>1 jour deWorkshop\u00a0<\/strong><\/p>\n<p>Admission \u00e0 le\u00a0<strong>Cours D\u2019\u00e9ducation<\/strong>\u00a0et<strong>\u00a0Live Surgery Experience<\/strong><\/p>\n<p><strong>Mat\u00e9riel<\/strong> de cours et <strong>Manuel<\/strong> du programme<\/p>\n<p><strong>Petit d\u00e9jeuner,\u00a0 Pause Caf\u00e9<\/strong>[\/tz_pricing_item][\/tz_pricing][\/vc_column][\/vc_row][vc_row][vc_column][vc_empty_space height=\u00a0\u00bb100px\u00a0\u00bb][vc_separator color=\u00a0\u00bbblack\u00a0\u00bb style=\u00a0\u00bbshadow\u00a0\u00bb][\/vc_column][\/vc_row][vc_row][vc_column width=\u00a0\u00bb1\/2&Prime;][vc_empty_space]\r\n\r\r\n    <div class=\"tz_maniva_meetup_title  tz_text_align_left\">\r\r\n\r\r\n        \r\n\r\r\n            <h3 >\r\r\n                APER\u00c7U <em> DU COURS <\/em>\r\n            <\/h3>\r\r\n\r\r\n        \r\n        \r\r\n        \r\n        \r\r\n        \r\n\r\r\n            <div class=\"tz_meetup_title_content\">\r\r\n                <h3><span style=\"color: #000080;\">Day 1<\/span><\/h3>\n<p>Vous permettra d\u2019apprendre la vue compl\u00e8te de la chirurgie des fesses avec l\u2019anatomie et les techniques. Des d\u00e9monstrations vid\u00e9o sont pr\u00e9sent\u00e9es, une pr\u00e9sentation des nouveaut\u00e9s du march\u00e9 des implants et des sch\u00e9mas d\u00e9taill\u00e9s de la crosse et de la fa\u00e7on dont les proc\u00e9dures sont ex\u00e9cut\u00e9es<\/p>\n<h3><span style=\"color: #000080;\">Day 2<\/span><\/h3>\n<p>Vous aurez l\u2019occasion de pratiquer de v\u00e9ritables exercices pratiques. Vous participerez \u00e0 un laboratoire de cadavres o\u00f9 vous ex\u00e9cuterez des techniques que vous avez apprises et faites de l\u2019exercice par la r\u00e9p\u00e9tition \u00e0 l\u2019\u00c9cole de chirurgie du Fer \u00e0 Moulin.<\/p>\n<h3><span style=\"color: #000080;\">Day 3\u00a0<\/span><\/h3>\n<p>Vous permettra d\u2019observer une intervention chirurgicale en direct effectu\u00e9e par notre ma\u00eetre. Vous exp\u00e9rimenterez de pr\u00e8s et personnellement comment les techniques sont faites avec des explications narratives et la possibilit\u00e9 de poser des questions en temps r\u00e9el. Vous suivrez un d\u00e9briefing et \u00e0 la fin, vous aurez appris \u00e0 am\u00e9liorer la technique et les r\u00e9sultats de votre chirurgie des fesses.<\/p>\n\r\n            <\/div>\r\r\n\r\r\n        \r\n\r\r\n        \r\n\r\r\n    <\/div>\r\r\n\r\r\n    [vc_empty_space][\/vc_column][vc_column width=\u00a0\u00bb1\/2&Prime;][vc_empty_space height=\u00a0\u00bb100px\u00a0\u00bb]\r\n\r\r\n    <div class=\"tz_video_meetup\">\r\r\n        <img loading=\"lazy\" decoding=\"async\" width=\"1640\" height=\"919\" src=\"https:\/\/www.campuschampselysees.com\/wp-content\/uploads\/2018\/07\/Capture-video.png\" class=\"attachment-full size-full\" alt=\"\" srcset=\"https:\/\/www.campuschampselysees.com\/wp-content\/uploads\/2018\/07\/Capture-video.png 1640w, https:\/\/www.campuschampselysees.com\/wp-content\/uploads\/2018\/07\/Capture-video-300x168.png 300w, https:\/\/www.campuschampselysees.com\/wp-content\/uploads\/2018\/07\/Capture-video-768x430.png 768w, https:\/\/www.campuschampselysees.com\/wp-content\/uploads\/2018\/07\/Capture-video-1024x574.png 1024w, https:\/\/www.campuschampselysees.com\/wp-content\/uploads\/2018\/07\/Capture-video-1500x841.png 1500w\" sizes=\"auto, (max-width: 1640px) 100vw, 1640px\" \/>\r\n\r\r\n        <div class=\"tz_btn_play_video\">\r\r\n\r\r\n            \r\n                <a class=\"easy-opener tz_btn_easy\" data-type=\"video\" data-width=\"500\" data-height=\"281\" href=\"\/\/www.youtube.com\/embed\/xd51PdjCKg8\">\r\r\n                    <i class=\"fa fa-play\"><\/i>\r\r\n                <\/a>\r\r\n            \r\n\r\r\n        <\/div>\r\r\n    <\/div>\r\r\n\r\r\n[\/vc_column][\/vc_row][vc_row][vc_column][vc_empty_space height=\u00a0\u00bb100px\u00a0\u00bb][vc_separator color=\u00a0\u00bbblack\u00a0\u00bb style=\u00a0\u00bbshadow\u00a0\u00bb][\/vc_column][\/vc_row][vc_row][vc_column width=\u00a0\u00bb1\/4&Prime;][vc_empty_space]\r\n\r\r\n    <div class=\"tz_maniva_meetup_title  tz_text_align_center\">\r\r\n\r\r\n        \r\n\r\r\n            <h3 style=\"color:#000000\">\r\r\n                public cible\r\n            <\/h3>\r\r\n\r\r\n        \r\n        \r\r\n        \r\n        \r\r\n        \r\n\r\r\n            <div class=\"tz_meetup_title_content\">\r\r\n                <p>Chirurgiens plasticiens<br \/>\nR\u00e9sidents et stagiaires en chirurgie plastique<\/p>\n\r\n            <\/div>\r\r\n\r\r\n        \r\n\r\r\n        \r\n\r\r\n    <\/div>\r\r\n\r\r\n    [vc_empty_space][vc_separator color=\u00a0\u00bbblack\u00a0\u00bb style=\u00a0\u00bbshadow\u00a0\u00bb][vc_empty_space]\r\n\r\r\n    <div class=\"tz_maniva_meetup_title  tz_text_align_center\">\r\r\n\r\r\n        \r\n\r\r\n            <h3 style=\"color:#000000\">\r\r\n                Exigences du cours\r\n            <\/h3>\r\r\n\r\r\n        \r\n        \r\r\n        \r\n        \r\r\n        \r\n\r\r\n            <div class=\"tz_meetup_title_content\">\r\r\n                <div id=\"gt-src-c\" class=\"g-unit\">\n<div id=\"gt-src-p\">\n<div id=\"gt-src-wrap\" class=\"\">\n<div>Chirurgiens plasticiens avec un bon niveau de pratique qui veulent \u00e9largir leur gamme de chirurgie d&rsquo;augmentation des fesses<\/div>\n<\/div>\n<\/div>\n<\/div>\n\r\n            <\/div>\r\r\n\r\r\n        \r\n\r\r\n        \r\n\r\r\n    <\/div>\r\r\n\r\r\n    [vc_empty_space][vc_separator color=\u00a0\u00bbblack\u00a0\u00bb style=\u00a0\u00bbshadow\u00a0\u00bb][vc_empty_space]\r\n\r\r\n    <div class=\"tz_maniva_meetup_title  tz_text_align_center\">\r\r\n\r\r\n        \r\n\r\r\n            <h3 style=\"color:#000000\">\r\r\n                Attendance \/ Volume de la classe\r\n            <\/h3>\r\r\n\r\r\n        \r\n        \r\r\n        \r\n        \r\r\n        \r\n\r\r\n            <div class=\"tz_meetup_title_content\">\r\r\n                <div id=\"gt-src-c\" class=\"g-unit\">\n<div id=\"gt-src-p\">\n<div id=\"gt-src-wrap\" class=\"\">Maximum 20 personnes<\/div>\n<\/div>\n<\/div>\n\r\n            <\/div>\r\r\n\r\r\n        \r\n\r\r\n        \r\n\r\r\n    <\/div>\r\r\n\r\r\n    [vc_empty_space][vc_separator color=\u00a0\u00bbblack\u00a0\u00bb style=\u00a0\u00bbshadow\u00a0\u00bb][vc_empty_space]\r\n\r\r\n    <div class=\"tz_maniva_meetup_title  tz_text_align_center\">\r\r\n\r\r\n        \r\n\r\r\n            <h3 style=\"color:#000000\">\r\r\n                Contactez Nous\r\n            <\/h3>\r\r\n\r\r\n        \r\n        \r\r\n        \r\n        \r\r\n        \r\n\r\r\n            <div class=\"tz_meetup_title_content\">\r\r\n                <div id=\"gt-src-c\" class=\"g-unit\">\n<div id=\"gt-src-p\">\n<div id=\"gt-src-wrap\" class=\"\">contact@campuschampselysees.com<br \/>\n+33 (0)7 63 26 36 81<\/div>\n<\/div>\n<\/div>\n\r\n            <\/div>\r\r\n\r\r\n        \r\n\r\r\n        \r\n\r\r\n    <\/div>\r\r\n\r\r\n    [vc_empty_space][\/vc_column][vc_column width=\u00a0\u00bb3\/4&Prime;][vc_empty_space]\r\n\r\r\n    <div class=\"tz_maniva_meetup_title  tz_text_align_left\">\r\r\n\r\r\n        \r\n\r\r\n            <h3 style=\"color:#000000\">\r\r\n                Que vas-tu accomplir?\r\n            <\/h3>\r\r\n\r\r\n        \r\n        \r\r\n        \r\n        \r\r\n        \r\n\r\r\n            <div class=\"tz_meetup_title_content\">\r\r\n                <ul>\n<li>Effectuer des chirurgies de lipofilling et de proth\u00e8se de fesse avec plus de pr\u00e9cision et moins de risques.<\/li>\n<li>Ma\u00eetriser les r\u00e9gions fessi\u00e8res anatomiques pour \u00e9viter les complications.<\/li>\n<li>Proposer un choix plus large d&rsquo;implants \u00e0 vos patients avec de meilleurs conseils en mati\u00e8re de choix de volume et une proc\u00e9dure chirurgicale plus s\u00fbre.<\/li>\n<li>Utiliser des dispositifs m\u00e9dicaux appropri\u00e9s pour l&rsquo;augmentation fessi\u00e8re.<\/li>\n<\/ul>\n\r\n            <\/div>\r\r\n\r\r\n        \r\n\r\r\n        \r\n\r\r\n    <\/div>\r\r\n\r\r\n    [vc_empty_space]\r\n\r\r\n    <div class=\"tz_maniva_meetup_title  tz_text_align_left\">\r\r\n\r\r\n        \r\n\r\r\n            <h3 style=\"color:#000000\">\r\r\n                Avantages techniques\r\n            <\/h3>\r\r\n\r\r\n        \r\n        \r\r\n        \r\n        \r\r\n        \r\n\r\r\n            <div class=\"tz_meetup_title_content\">\r\r\n                <ul>\n<li>Obtenez les m\u00eames r\u00e9sultats avec un suivi simple et un temps de r\u00e9cup\u00e9ration plus rapide.<\/li>\n<li>Apprenez la s\u00e9curit\u00e9 dans le lipofilling et la liposuccion et les zones dangereuses.<\/li>\n<li>Apprenez plusieurs types de pr\u00e9paration de graisse et utilisez une technologie de pointe.<\/li>\n<li>Marquage pr\u00e9-op\u00e9ratoire simple et points de r\u00e9f\u00e9rence pour les implants fessiers<\/li>\n<li>Techniques sur la proc\u00e9dure et \u00e9viter les complications dans les implants fessiers<\/li>\n<\/ul>\n\r\n            <\/div>\r\r\n\r\r\n        \r\n\r\r\n        \r\n\r\r\n    <\/div>\r\r\n\r\r\n    [vc_empty_space]\r\n\r\r\n    <div class=\"tz_maniva_meetup_title  tz_text_align_left\">\r\r\n\r\r\n        \r\n\r\r\n            <h3 style=\"color:#000000\">\r\r\n                R\u00e9sultats cliniques\r\n            <\/h3>\r\r\n\r\r\n        \r\n        \r\r\n        \r\n        \r\r\n        \r\n\r\r\n            <div class=\"tz_meetup_title_content\">\r\r\n                <ul>\n<li>R\u00e9cup\u00e9ration am\u00e9lior\u00e9e, moins de douleur et moins de complications<\/li>\n<li>Technique mixte avec implant et lipofilling pour un aspect plus naturel<\/li>\n<li>R\u00e9sultats esth\u00e9tiques les plus \u00e9lev\u00e9s<\/li>\n<li>Gurantee du volume d&rsquo;augmentation souhait\u00e9<\/li>\n<\/ul>\n\r\n            <\/div>\r\r\n\r\r\n        \r\n\r\r\n        \r\n\r\r\n    <\/div>\r\r\n\r\r\n    [vc_empty_space][\/vc_column][\/vc_row][vc_row][vc_column][vc_separator color=\u00a0\u00bbblack\u00a0\u00bb style=\u00a0\u00bbshadow\u00a0\u00bb][\/vc_column][\/vc_row][vc_row][vc_column width=\u00a0\u00bb1\/4&Prime;][vc_empty_space]\r\n\r\r\n    <div class=\"tz_video_meetup\">\r\r\n        <img loading=\"lazy\" decoding=\"async\" width=\"1274\" height=\"713\" src=\"https:\/\/www.campuschampselysees.com\/wp-content\/uploads\/2018\/07\/Capture-levan.png\" class=\"attachment-full size-full\" alt=\"\" srcset=\"https:\/\/www.campuschampselysees.com\/wp-content\/uploads\/2018\/07\/Capture-levan.png 1274w, https:\/\/www.campuschampselysees.com\/wp-content\/uploads\/2018\/07\/Capture-levan-300x168.png 300w, https:\/\/www.campuschampselysees.com\/wp-content\/uploads\/2018\/07\/Capture-levan-768x430.png 768w, https:\/\/www.campuschampselysees.com\/wp-content\/uploads\/2018\/07\/Capture-levan-1024x573.png 1024w\" sizes=\"auto, (max-width: 1274px) 100vw, 1274px\" \/>\r\n\r\r\n        <div class=\"tz_btn_play_video\">\r\r\n\r\r\n            \r\n                <a class=\"easy-opener tz_btn_easy\" data-type=\"video\" data-width=\"500\" data-height=\"281\" href=\"\/\/www.youtube.com\/embed\/e3b0QPRO9R4\">\r\r\n                    <i class=\"fa fa-play\"><\/i>\r\r\n                <\/a>\r\r\n            \r\n\r\r\n        <\/div>\r\r\n    <\/div>\r\r\n\r\r\n[vc_empty_space][\/vc_column][vc_column width=\u00a0\u00bb3\/4&Prime;][vc_empty_space]\r\n\r\r\n        <div class=\"tz_maniva_meetup_title tz_meetup_video_text tz_text_align_left\">\r\r\n\r\r\n            \r\n\r\r\n                <h3 class=\"tz_meetup_general_title\" style=\"color:#000000\">\r\r\n                    Phillipe Levan, MD\r\n                <\/h3>\r\r\n\r\r\n            \r\n\r\r\n            \r\n\r\r\n            \r\n\r\r\n            <span class=\"tz_meetup_video_sub_title\" style=\"color:#000000\">\r\r\n                \r\n\r\r\n                Chef du D\u00e9partement de Chirurgie Plastique Esth\u00e9tique et Reconstructrice Groupe Hospitalier Paris Saint-Joseph, PARIS, France\r\n\r\r\n                \r\n                <i class=\"fa \" ><\/i>\r\r\n                \r\n\r\r\n                <span class=\"tz_meetup_video_sub_title_line\" ><\/span>\r\r\n\r\r\n            <\/span>\r\r\n\r\r\n            \r\n\r\r\n            \r\n\r\r\n                <div class=\"tz_meetup_content\">\r\r\n                    <p><span style=\"color: #000000;\">Dr. LEVAN est un sp\u00e9cialiste en chirurgie plastique, reconstructive et esth\u00e9tique avec plus de 20 ans d&rsquo;exp\u00e9rience. Il est pr\u00e9sident et fondateur du Groupe pour l&rsquo;avancement de la chirurgie plastique (GAPS), fondateur de Wikiplastic (plate-forme vid\u00e9o d&rsquo;apprentissage par les pairs en chirurgie plastique) et membre de la SOFCPRE et de la SNCPRE.<\/span><br \/>\n<span style=\"color: #000000;\">Il est un pionnier dans le remodelage des implants fessiers et a contribu\u00e9 \u00e0 la conception de la proth\u00e8se biconvexe des fesses. Il a 10 ans d&rsquo;exp\u00e9rience en chirurgie des proth\u00e8ses de fesses et a pratiqu\u00e9 environ 300 interventions de chirurgie de la fesse.<\/span><\/p>\n\r\n                <\/div>\r\r\n\r\r\n            \r\n\r\r\n            \r\n\r\r\n            \r\n\r\r\n        <\/div>\r\r\n\r\r\n    [vc_empty_space][vc_separator color=\u00a0\u00bbblack\u00a0\u00bb style=\u00a0\u00bbshadow\u00a0\u00bb][\/vc_column][\/vc_row][vc_row][vc_column width=\u00a0\u00bb1\/4&Prime;][vc_empty_space]\r\n\r\r\n    <div class=\"tz_video_meetup\">\r\r\n        <img loading=\"lazy\" decoding=\"async\" width=\"1273\" height=\"713\" src=\"https:\/\/www.campuschampselysees.com\/wp-content\/uploads\/2018\/07\/Capture-zakine.png\" class=\"attachment-full size-full\" alt=\"\" srcset=\"https:\/\/www.campuschampselysees.com\/wp-content\/uploads\/2018\/07\/Capture-zakine.png 1273w, https:\/\/www.campuschampselysees.com\/wp-content\/uploads\/2018\/07\/Capture-zakine-300x168.png 300w, https:\/\/www.campuschampselysees.com\/wp-content\/uploads\/2018\/07\/Capture-zakine-768x430.png 768w, https:\/\/www.campuschampselysees.com\/wp-content\/uploads\/2018\/07\/Capture-zakine-1024x574.png 1024w\" sizes=\"auto, (max-width: 1273px) 100vw, 1273px\" \/>\r\n\r\r\n        <div class=\"tz_btn_play_video\">\r\r\n\r\r\n            \r\n                <a class=\"easy-opener tz_btn_easy\" data-type=\"video\" data-width=\"500\" data-height=\"281\" href=\"\/\/www.youtube.com\/embed\/TAO3SixfSIc\">\r\r\n                    <i class=\"fa fa-play\"><\/i>\r\r\n                <\/a>\r\r\n            \r\n\r\r\n        <\/div>\r\r\n    <\/div>\r\r\n\r\r\n[vc_empty_space][\/vc_column][vc_column width=\u00a0\u00bb3\/4&Prime;][vc_empty_space]\r\n\r\r\n        <div class=\"tz_maniva_meetup_title tz_meetup_video_text tz_text_align_left\">\r\r\n\r\r\n            \r\n\r\r\n                <h3 class=\"tz_meetup_general_title\" style=\"color:#000000\">\r\r\n                    Gilbert Zakine, MD, PhD\r\n                <\/h3>\r\r\n\r\r\n            \r\n\r\r\n            \r\n\r\r\n            \r\n\r\r\n            <span class=\"tz_meetup_video_sub_title\" style=\"color:#000000\">\r\r\n                \r\n\r\r\n                PRATIQUE PRIV\u00c9E ET PROFESSEUR \u00c0 L'IMCAS ACADEMY PARIS, FRANCE\r\n\r\r\n                \r\n                <i class=\"fa fa-clock-o\" ><\/i>\r\r\n                \r\n\r\r\n                <span class=\"tz_meetup_video_sub_title_line\" ><\/span>\r\r\n\r\r\n            <\/span>\r\r\n\r\r\n            \r\n\r\r\n            \r\n\r\r\n                <div class=\"tz_meetup_content\">\r\r\n                    <p><span style=\"color: #000000;\">Le Dr ZAKINE est un sp\u00e9cialiste de la chirurgie plastique, reconstructive et esth\u00e9tique. Il a \u00e9t\u00e9 chef d&rsquo;un d\u00e9partement de chirurgie plastique reconstructive et esth\u00e9tique et unit\u00e9 de br\u00fblure. Il est membre de l&rsquo;European Board of Plastic Reconstructive &amp; Aesthetic Surgery &amp; S.F.E.T.B.<\/span><br \/>\n<span style=\"color: #000000;\">Il se concentre sur l&rsquo;augmentation des fesses en utilisant la technique de Lipofilling. Il a plus de 15 ans d&rsquo;exp\u00e9rience dans la chirurgie du lipofilling des fesses et a pratiqu\u00e9 environ 200 op\u00e9rations de chirurgie de la fesse.<\/span><\/p>\n\r\n                <\/div>\r\r\n\r\r\n            \r\n\r\r\n            \r\n\r\r\n            \r\n\r\r\n        <\/div>\r\r\n\r\r\n    [vc_empty_space][vc_separator color=\u00a0\u00bbblack\u00a0\u00bb style=\u00a0\u00bbshadow\u00a0\u00bb][\/vc_column][\/vc_row][vc_row][vc_column][vc_separator color=\u00a0\u00bbblack\u00a0\u00bb style=\u00a0\u00bbshadow\u00a0\u00bb][\/vc_column][\/vc_row]<\/p>","protected":false},"excerpt":{"rendered":"<p>[vc_row][vc_column][vc_empty_space height=\u00a0\u00bb60px\u00a0\u00bb][vc_empty_space height=\u00a0\u00bb70px\u00a0\u00bb][\/vc_column][\/vc_row][vc_row css=\u00a0\u00bb.vc_custom_1540472065828{background: rgba(255,255,255,0.5) url(http:\/\/www.campuschampselysees.com\/wp-content\/uploads\/2018\/10\/Fotolia_76876636_M.jpg?id=5145) !important;background-position: center !important;background-repeat: no-repeat !important;background-size: cover !important;*background-color: rgb(255,255,255) !important;}\u00a0\u00bb tz_overlay_parallax=\u00a0\u00bbrgba(255,255,255,0.5)\u00a0\u00bb][vc_column width=\u00a0\u00bb1\/2&Prime;][vc_empty_space height=\u00a0\u00bb80px\u00a0\u00bb][vc_empty_space][vc_empty_space height=\u00a0\u00bb80px\u00a0\u00bb][\/vc_column][vc_column width=\u00a0\u00bb1\/4&Prime;][tz_pricing select_column=\u00a0\u00bb1&Prime; contact_form_id=\u00a0\u00bb2396&Prime;][tz_pricing_item currency=\u00a0\u00bb\u20ac\u00a0\u00bb btn_text=\u00a0\u00bb\u00a0\u00bb price=\u00a0\u00bb2900&Prime;]Admission \u00e0 1 jour deWorkshop\u00a0 Admission \u00e0 le\u00a0Cours D\u2019\u00e9ducation\u00a0et\u00a0Live Surgery Experience Mat\u00e9riel de cours et Manuel du programme Petit d\u00e9jeuner,\u00a0 Pause Caf\u00e9[\/tz_pricing_item][\/tz_pricing][\/vc_column][vc_column width=\u00a0\u00bb1\/4&Prime;][tz_pricing select_column=\u00a0\u00bb1&Prime; contact_form_id=\u00a0\u00bb2396&Prime;][tz_pricing_item currency=\u00a0\u00bb\u20ac\u00a0\u00bb [&hellip;]<\/p>\n","protected":false},"author":1,"featured_media":0,"parent":1535,"menu_order":0,"comment_status":"closed","ping_status":"closed","template":"","meta":{"footnotes":"","_links_to":"","_links_to_target":""},"class_list":["post-5144","page","type-page","status-publish","hentry"],"_links":{"self":[{"href":"https:\/\/www.campuschampselysees.com\/fr\/wp-json\/wp\/v2\/pages\/5144","targetHints":{"allow":["GET"]}}],"collection":[{"href":"https:\/\/www.campuschampselysees.com\/fr\/wp-json\/wp\/v2\/pages"}],"about":[{"href":"https:\/\/www.campuschampselysees.com\/fr\/wp-json\/wp\/v2\/types\/page"}],"author":[{"embeddable":true,"href":"https:\/\/www.campuschampselysees.com\/fr\/wp-json\/wp\/v2\/users\/1"}],"replies":[{"embeddable":true,"href":"https:\/\/www.campuschampselysees.com\/fr\/wp-json\/wp\/v2\/comments?post=5144"}],"version-history":[{"count":21,"href":"https:\/\/www.campuschampselysees.com\/fr\/wp-json\/wp\/v2\/pages\/5144\/revisions"}],"predecessor-version":[{"id":5260,"href":"https:\/\/www.campuschampselysees.com\/fr\/wp-json\/wp\/v2\/pages\/5144\/revisions\/5260"}],"up":[{"embeddable":true,"href":"https:\/\/www.campuschampselysees.com\/fr\/wp-json\/wp\/v2\/pages\/1535"}],"wp:attachment":[{"href":"https:\/\/www.campuschampselysees.com\/fr\/wp-json\/wp\/v2\/media?parent=5144"}],"curies":[{"name":"wp","href":"https:\/\/api.w.org\/{rel}","templated":true}]}}